{"id":188,"date":"2019-02-06T15:27:55","date_gmt":"2019-02-06T15:27:55","guid":{"rendered":"https:\/\/colibriwp-work.colibriwp.com\/conference\/?page_id=188"},"modified":"2024-12-20T18:51:26","modified_gmt":"2024-12-20T17:51:26","slug":"a-propos","status":"publish","type":"page","link":"https:\/\/ivoiremuslimawards.com\/?page_id=188","title":{"rendered":"A PROPOS"},"content":{"rendered":"<div data-colibri-id=\"188-c1\" class=\"style-496 style-local-188-c1 position-relative\">\r\n  <!---->\r\n  <div data-colibri-component=\"section\" data-colibri-id=\"188-c2\" id=\"custom\" class=\"h-section h-section-global-spacing d-flex align-items-lg-center align-items-md-center align-items-center style-523 style-local-188-c2 position-relative\">\r\n    <div class=\"background-wrapper\">\r\n      <div class=\"background-layer background-layer-media-container-lg\">\r\n        <!---->\r\n        <div class=\"overlay-layer\">\r\n          <div class=\"overlay-image-layer\" style=\"background-color: rgb(255, 241, 173); opacity: 0.67;\"><\/div>\r\n        <\/div>\r\n      <\/div>\r\n      <div class=\"background-layer background-layer-media-container-md\">\r\n        <!---->\r\n        <div class=\"overlay-layer\">\r\n          <div class=\"overlay-image-layer\" style=\"background-color: rgb(255, 241, 173); opacity: 0.67;\"><\/div>\r\n        <\/div>\r\n      <\/div>\r\n      <div class=\"background-layer background-layer-media-container\">\r\n        <!---->\r\n        <div class=\"overlay-layer\">\r\n          <div class=\"overlay-image-layer\" style=\"background-color: rgb(255, 241, 173); opacity: 0.67;\"><\/div>\r\n        <\/div>\r\n      <\/div>\r\n    <\/div>\r\n    <!---->\r\n    <div class=\"h-section-grid-container h-section-boxed-container\">\r\n      <!---->\r\n      <div data-colibri-id=\"188-c3\" class=\"h-row-container gutters-row-lg-0 gutters-row-md-0 gutters-row-2 gutters-row-v-lg-0 gutters-row-v-md-0 gutters-row-v-2 style-524 style-local-188-c3 position-relative\">\r\n        <!---->\r\n        <div class=\"h-row justify-content-lg-center justify-content-md-center justify-content-center align-items-lg-stretch align-items-md-stretch align-items-stretch gutters-col-lg-0 gutters-col-md-0 gutters-col-2 gutters-col-v-lg-0 gutters-col-v-md-0 gutters-col-v-2\">\r\n          <!---->\r\n          <div class=\"h-column h-column-container d-flex h-col-lg-auto h-col-md-auto h-col-auto style-525-outer style-local-188-c4-outer\">\r\n            <div data-colibri-id=\"188-c4\" id=\"col-a-propos\" class=\"d-flex h-flex-basis h-column__inner h-px-lg-2 h-px-md-2 h-px-2 v-inner-lg-2 v-inner-md-2 v-inner-2 style-525 style-local-188-c4 position-relative\">\r\n              <!---->\r\n              <!---->\r\n              <div class=\"w-100 h-y-container h-column__content h-column__v-align flex-basis-100 align-self-lg-start align-self-md-start align-self-start\">\r\n                <!---->\r\n                <div data-colibri-id=\"188-c5\" class=\"h-text h-text-component style-528 style-local-188-c5 position-relative h-element\">\r\n                  <!---->\r\n                  <!---->\r\n                  <div class=\"\">\r\n                    <p>Si le travail bienfait est une valeur universelle et servir la soci\u00e9t\u00e9, une vertu de solidarit\u00e9, la promotion de l\u2019<strong>Excellence <\/strong>garantie et p\u00e9rennise les valeurs.<\/p>\r\n                  <\/div>\r\n                <\/div>\r\n                <div data-colibri-id=\"188-c6\" class=\"h-text h-text-component style-530 style-local-188-c6 position-relative h-element\">\r\n                  <!---->\r\n                  <!---->\r\n                  <div class=\"\">\r\n                    <p>De nos jours, la soci\u00e9t\u00e9 tend \u00e0 perdre ses rep\u00e8res. Nous sommes dans un monde \u00e0 perp\u00e9tuel changement o\u00f9 des m\u00e9dias et m\u00eame des personnalit\u00e9s font la promotion de la m\u00e9diocrit\u00e9 et des anti-valeurs.<\/p>\r\n                    <p>L\u2019\u00c9tat ivoirien avec \u00e0 sa t\u00eate le Pr\u00e9sident de la R\u00e9publique Alassane Ouattara a instaur\u00e9 l\u2019excellence au c\u0153ur de sa politique de gestion du pays. Tous les mois d\u2019Ao\u00fbt, l\u2019excellence est c\u00e9l\u00e9br\u00e9e au plus haut niveau dans divers domaines.\r\n                      Une r\u00e9f\u00e9rence et une satisfaction du travail bien fait. Les ministres et les institutions de la r\u00e9publique ont suivi cet \u00e9lan de promotion de l\u2019excellence et des valeurs civiques.<\/p>\r\n                    <p>Pour emboiter le pas au gouvernement, l\u2019entreprise <strong>BARAKA COMM <\/strong>s\u2019est assign\u00e9 la mission de d\u00e9cerner des <strong>Prix d\u2019Excellences <\/strong>aux meilleures initiatives au sein de la communaut\u00e9 musulmane \u00e0 travers <strong>le Prix Ivoire Muslim Awards<\/strong>,\r\n                      en abr\u00e9g\u00e9 <strong>IMA<\/strong>.<\/p>\r\n                  <\/div>\r\n                <\/div>\r\n                <div data-colibri-id=\"188-c7\" class=\"h-text h-text-component style-878 style-local-188-c7 position-relative h-element\">\r\n                  <!---->\r\n                  <!---->\r\n                  <div class=\"\">\r\n                    <p><strong>BARAKA COMM<\/strong>, a \u00e9t\u00e9 formellement cr\u00e9\u00e9e en Avril 2023. Elle intervient dans le secteur de l\u2019\u00e9v\u00e8nementiel, de la communication audiovisuelle, la communication sur support par l\u2019imprimerie, la r\u00e9daction d\u2019\u0153uvres litt\u00e9raires,\r\n                      le Coaching, la Formation et le voyage.<\/p>\r\n                    <p><strong>BARAKA COMM <\/strong>a pour objectif principal de simplifier la communication et de raconter les plus belles histoires des personnes physiques ou morales. C\u2019est ainsi que l\u2019\u00e9quipe <strong>Baraka Comm <\/strong>r\u00e9alise des films\r\n                      institutionnels, des reportages et des documentaires puis forme les int\u00e9ress\u00e9s au cadrage et montage vid\u00e9o.<\/p>\r\n                  <\/div>\r\n                <\/div>\r\n                <div data-colibri-id=\"188-c8\" class=\"h-text h-text-component style-878 style-local-188-c8 position-relative h-element\">\r\n                  <!---->\r\n                  <!---->\r\n                  <div class=\"\">\r\n                    <p>D\u2019autres projets notamment la formation et le renforcement de capacit\u00e9 des techniques de cadrage, prise de vue et montage audiovisuel pour des mosqu\u00e9es ont \u00e9t\u00e9 r\u00e9alis\u00e9s dans le but de faire un large \u00e9cho des valeurs civiques, morales\r\n                      et religieuses pr\u00f4n\u00e9es au sein des mosqu\u00e9es.<\/p>\r\n                  <\/div>\r\n                <\/div>\r\n              <\/div>\r\n            <\/div>\r\n          <\/div>\r\n        <\/div>\r\n      <\/div>\r\n    <\/div>\r\n  <\/div>\r\n<\/div>","protected":false},"excerpt":{"rendered":"<p>Si le travail bienfait est une valeur universelle et servir la soci\u00e9t\u00e9, une vertu de solidarit\u00e9, la promotion de l\u2019Excellence garantie et p\u00e9rennise les valeurs. De nos jours, la soci\u00e9t\u00e9 tend \u00e0 perdre ses rep\u00e8res. Nous sommes dans un monde \u00e0 perp\u00e9tuel changement o\u00f9 des m\u00e9dias et m\u00eame des personnalit\u00e9s font la promotion de la [&hellip;]<\/p>\n","protected":false},"author":1,"featured_media":0,"parent":0,"menu_order":0,"comment_status":"closed","ping_status":"closed","template":"page-templates\/full-width-page.php","meta":{"_uf_show_specific_survey":0,"_uf_disable_surveys":false,"footnotes":""},"class_list":["post-188","page","type-page","status-publish","hentry"],"_links":{"self":[{"href":"https:\/\/ivoiremuslimawards.com\/index.php?rest_route=\/wp\/v2\/pages\/188","targetHints":{"allow":["GET"]}}],"collection":[{"href":"https:\/\/ivoiremuslimawards.com\/index.php?rest_route=\/wp\/v2\/pages"}],"about":[{"href":"https:\/\/ivoiremuslimawards.com\/index.php?rest_route=\/wp\/v2\/types\/page"}],"author":[{"embeddable":true,"href":"https:\/\/ivoiremuslimawards.com\/index.php?rest_route=\/wp\/v2\/users\/1"}],"replies":[{"embeddable":true,"href":"https:\/\/ivoiremuslimawards.com\/index.php?rest_route=%2Fwp%2Fv2%2Fcomments&post=188"}],"version-history":[{"count":13,"href":"https:\/\/ivoiremuslimawards.com\/index.php?rest_route=\/wp\/v2\/pages\/188\/revisions"}],"predecessor-version":[{"id":4658,"href":"https:\/\/ivoiremuslimawards.com\/index.php?rest_route=\/wp\/v2\/pages\/188\/revisions\/4658"}],"wp:attachment":[{"href":"https:\/\/ivoiremuslimawards.com\/index.php?rest_route=%2Fwp%2Fv2%2Fmedia&parent=188"}],"curies":[{"name":"wp","href":"https:\/\/api.w.org\/{rel}","templated":true}]}}