{"id":4221,"date":"2024-10-02T11:26:50","date_gmt":"2024-10-02T09:26:50","guid":{"rendered":"http:\/\/127.0.0.1\/ima\/?page_id=4221"},"modified":"2024-10-02T12:23:16","modified_gmt":"2024-10-02T10:23:16","slug":"prix-media","status":"publish","type":"page","link":"https:\/\/ivoiremuslimawards.com\/?page_id=4221","title":{"rendered":"Prix M\u00e9dia"},"content":{"rendered":"<div data-colibri-id=\"4221-c1\" class=\"style-827 style-local-4221-c1 position-relative\">\r\n  <!---->\r\n  <div data-colibri-component=\"section\" data-colibri-id=\"4221-c2\" id=\"custom\" class=\"h-section h-section-global-spacing d-flex align-items-lg-center align-items-md-center align-items-center style-828 style-local-4221-c2 position-relative\">\r\n    <!---->\r\n    <!---->\r\n    <div class=\"h-section-grid-container h-section-boxed-container\">\r\n      <!---->\r\n      <div data-colibri-id=\"4221-c3\" class=\"h-row-container gutters-row-lg-2 gutters-row-md-2 gutters-row-0 gutters-row-v-lg-2 gutters-row-v-md-2 gutters-row-v-2 style-829 style-local-4221-c3 position-relative\">\r\n        <!---->\r\n        <div class=\"h-row justify-content-lg-center justify-content-md-center justify-content-center align-items-lg-stretch align-items-md-stretch align-items-stretch gutters-col-lg-2 gutters-col-md-2 gutters-col-0 gutters-col-v-lg-2 gutters-col-v-md-2 gutters-col-v-2\">\r\n          <!---->\r\n          <div class=\"h-column h-column-container d-flex h-col-lg-auto h-col-md-auto h-col-auto style-830-outer style-local-4221-c4-outer\">\r\n            <div data-colibri-id=\"4221-c4\" class=\"d-flex h-flex-basis h-column__inner h-px-lg-2 h-px-md-2 h-px-2 v-inner-lg-2 v-inner-md-2 v-inner-2 style-830 style-local-4221-c4 position-relative\">\r\n              <!---->\r\n              <!---->\r\n              <div class=\"w-100 h-y-container h-column__content h-column__v-align flex-basis-100 align-self-lg-start align-self-md-start align-self-start\">\r\n                <!---->\r\n                <div data-colibri-id=\"4221-c5\" class=\"h-global-transition-all h-heading style-831 style-local-4221-c5 position-relative h-element\">\r\n                  <!---->\r\n                  <div class=\"h-heading__outer style-831 style-local-4221-c5\">\r\n                    <!---->\r\n                    <!---->\r\n                    <h2 class=\"\"><span style=\"color: rgb(255, 212, 3);\">Crit\u00e8res M\u00e9dia<\/span><\/h2>\r\n                  <\/div>\r\n                <\/div>\r\n              <\/div>\r\n            <\/div>\r\n          <\/div>\r\n        <\/div>\r\n      <\/div>\r\n      <div data-colibri-id=\"4221-c6\" class=\"h-row-container gutters-row-lg-2 gutters-row-md-2 gutters-row-0 gutters-row-v-lg-2 gutters-row-v-md-2 gutters-row-v-2 style-832 style-local-4221-c6 position-relative\">\r\n        <!---->\r\n        <div class=\"h-row justify-content-lg-center justify-content-md-center justify-content-center align-items-lg-stretch align-items-md-stretch align-items-stretch gutters-col-lg-2 gutters-col-md-2 gutters-col-0 gutters-col-v-lg-2 gutters-col-v-md-2 gutters-col-v-2\">\r\n          <!---->\r\n          <div class=\"h-column h-column-container d-flex h-col-lg-auto h-col-md-auto h-col-auto style-833-outer style-local-4221-c7-outer\">\r\n            <div data-colibri-id=\"4221-c7\" class=\"d-flex h-flex-basis h-column__inner h-px-lg-2 h-px-md-2 h-px-2 v-inner-lg-2 v-inner-md-2 v-inner-2 style-833 style-local-4221-c7 position-relative\">\r\n              <!---->\r\n              <!---->\r\n              <div class=\"w-100 h-y-container h-column__content h-column__v-align flex-basis-100 align-self-lg-start align-self-md-start align-self-start\">\r\n                <!---->\r\n                <div data-colibri-id=\"4221-c8\" class=\"h-text h-text-component style-834 style-local-4221-c8 position-relative h-element\">\r\n                  <!---->\r\n                  <!---->\r\n                  <div class=\"\">\r\n                    <p>\u25cf&nbsp;&nbsp;&nbsp;&nbsp;&nbsp;&nbsp;&nbsp;<strong><em>Influence m\u00e9diatique<\/em><\/strong> : Impact significatif sur l&rsquo;opinion publique \u00e0 travers des plateformes m\u00e9diatiques. Production de contenu m\u00e9diatique (t\u00e9l\u00e9vision, radio, presse\r\n                      \u00e9crite, internet) de haute qualit\u00e9. Impact positif sur la perception de la communaut\u00e9 musulmane<\/p>\r\n                    <p>\u25cf&nbsp;&nbsp;&nbsp;&nbsp;&nbsp;&nbsp;&nbsp;<strong><em>\u00c9thique et int\u00e9grit\u00e9<\/em><\/strong> : Respect des normes \u00e9thiques dans le journalisme ou la cr\u00e9ation de contenu.<\/p>\r\n                    <p>\u25cf&nbsp;&nbsp;&nbsp;&nbsp;&nbsp;&nbsp;&nbsp;<strong><em>Contributions \u00e0 la communaut\u00e9<\/em><\/strong> : Initiatives ou reportages ayant un impact positif sur la communaut\u00e9 musulmane. Promotion de la coh\u00e9sion sociale et de la culture positive.<\/p>\r\n                    <p>\u25cf&nbsp;&nbsp;&nbsp;&nbsp;&nbsp;&nbsp;&nbsp;<strong><em>Reconnaissance<\/em><\/strong> : R\u00e9compenses ou mentions dans le domaine des m\u00e9dias.<\/p>\r\n                  <\/div>\r\n                <\/div>\r\n              <\/div>\r\n            <\/div>\r\n          <\/div>\r\n        <\/div>\r\n      <\/div>\r\n    <\/div>\r\n  <\/div>\r\n<\/div>","protected":false},"excerpt":{"rendered":"<p>Crit\u00e8res M\u00e9dia \u25cf&nbsp;&nbsp;&nbsp;&nbsp;&nbsp;&nbsp;&nbsp;Influence m\u00e9diatique : Impact significatif sur l&rsquo;opinion publique \u00e0 travers des plateformes m\u00e9diatiques. Production de contenu m\u00e9diatique (t\u00e9l\u00e9vision, radio, presse \u00e9crite, internet) de haute qualit\u00e9. Impact positif sur la perception de la communaut\u00e9 musulmane \u25cf&nbsp;&nbsp;&nbsp;&nbsp;&nbsp;&nbsp;&nbsp;\u00c9thique et int\u00e9grit\u00e9 : Respect des normes \u00e9thiques dans le journalisme ou la cr\u00e9ation de contenu. \u25cf&nbsp;&nbsp;&nbsp;&nbsp;&nbsp;&nbsp;&nbsp;Contributions \u00e0 la [&hellip;]<\/p>\n","protected":false},"author":1,"featured_media":0,"parent":0,"menu_order":0,"comment_status":"closed","ping_status":"closed","template":"page-templates\/full-width-page.php","meta":{"_uf_show_specific_survey":0,"_uf_disable_surveys":false,"footnotes":""},"class_list":["post-4221","page","type-page","status-publish","hentry"],"_links":{"self":[{"href":"https:\/\/ivoiremuslimawards.com\/index.php?rest_route=\/wp\/v2\/pages\/4221","targetHints":{"allow":["GET"]}}],"collection":[{"href":"https:\/\/ivoiremuslimawards.com\/index.php?rest_route=\/wp\/v2\/pages"}],"about":[{"href":"https:\/\/ivoiremuslimawards.com\/index.php?rest_route=\/wp\/v2\/types\/page"}],"author":[{"embeddable":true,"href":"https:\/\/ivoiremuslimawards.com\/index.php?rest_route=\/wp\/v2\/users\/1"}],"replies":[{"embeddable":true,"href":"https:\/\/ivoiremuslimawards.com\/index.php?rest_route=%2Fwp%2Fv2%2Fcomments&post=4221"}],"version-history":[{"count":4,"href":"https:\/\/ivoiremuslimawards.com\/index.php?rest_route=\/wp\/v2\/pages\/4221\/revisions"}],"predecessor-version":[{"id":5020,"href":"https:\/\/ivoiremuslimawards.com\/index.php?rest_route=\/wp\/v2\/pages\/4221\/revisions\/5020"}],"wp:attachment":[{"href":"https:\/\/ivoiremuslimawards.com\/index.php?rest_route=%2Fwp%2Fv2%2Fmedia&parent=4221"}],"curies":[{"name":"wp","href":"https:\/\/api.w.org\/{rel}","templated":true}]}}