{"id":4222,"date":"2024-10-02T11:36:45","date_gmt":"2024-10-02T09:36:45","guid":{"rendered":"http:\/\/127.0.0.1\/ima\/?page_id=4222"},"modified":"2025-08-22T22:16:46","modified_gmt":"2025-08-22T20:16:46","slug":"prix-predication-islamique-daawa","status":"publish","type":"page","link":"https:\/\/ivoiremuslimawards.com\/?page_id=4222","title":{"rendered":"Prix Pr\u00e9dication Islamique (DA&rsquo;WA)"},"content":{"rendered":"<div data-colibri-id=\"4222-c1\" class=\"style-835 style-local-4222-c1 position-relative\">\r\n  <!---->\r\n  <div data-colibri-component=\"section\" data-colibri-id=\"4222-c2\" id=\"custom\" class=\"h-section h-section-global-spacing d-flex align-items-lg-center align-items-md-center align-items-center style-836 style-local-4222-c2 position-relative\">\r\n    <!---->\r\n    <!---->\r\n    <div class=\"h-section-grid-container h-section-boxed-container\">\r\n      <!---->\r\n      <div data-colibri-id=\"4222-c3\" class=\"h-row-container gutters-row-lg-2 gutters-row-md-2 gutters-row-0 gutters-row-v-lg-2 gutters-row-v-md-2 gutters-row-v-2 style-839 style-local-4222-c3 position-relative\">\r\n        <!---->\r\n        <div class=\"h-row justify-content-lg-center justify-content-md-center justify-content-center align-items-lg-stretch align-items-md-stretch align-items-stretch gutters-col-lg-2 gutters-col-md-2 gutters-col-0 gutters-col-v-lg-2 gutters-col-v-md-2 gutters-col-v-2\">\r\n          <!---->\r\n          <div class=\"h-column h-column-container d-flex h-col-lg-auto h-col-md-auto h-col-auto style-840-outer style-local-4222-c4-outer\">\r\n            <div data-colibri-id=\"4222-c4\" class=\"d-flex h-flex-basis h-column__inner h-px-lg-2 h-px-md-2 h-px-2 v-inner-lg-2 v-inner-md-2 v-inner-2 style-840 style-local-4222-c4 position-relative\">\r\n              <!---->\r\n              <!---->\r\n              <div class=\"w-100 h-y-container h-column__content h-column__v-align flex-basis-100 align-self-lg-start align-self-md-start align-self-start\">\r\n                <!---->\r\n                <div data-colibri-id=\"4222-c5\" class=\"h-global-transition-all h-heading style-841 style-local-4222-c5 position-relative h-element\">\r\n                  <!---->\r\n                  <div class=\"h-heading__outer style-841 style-local-4222-c5\">\r\n                    <!---->\r\n                    <!---->\r\n                    <h2 class=\"\"><span style=\"color: rgb(255, 212, 3);\">Peuvent postuler:<\/span><\/h2>\r\n                  <\/div>\r\n                <\/div>\r\n              <\/div>\r\n            <\/div>\r\n          <\/div>\r\n        <\/div>\r\n      <\/div>\r\n      <div data-colibri-id=\"4222-c6\" class=\"h-row-container gutters-row-lg-2 gutters-row-md-2 gutters-row-0 gutters-row-v-lg-2 gutters-row-v-md-2 gutters-row-v-2 style-837 style-local-4222-c6 position-relative\">\r\n        <!---->\r\n        <div class=\"h-row justify-content-lg-center justify-content-md-center justify-content-center align-items-lg-stretch align-items-md-stretch align-items-stretch gutters-col-lg-2 gutters-col-md-2 gutters-col-0 gutters-col-v-lg-2 gutters-col-v-md-2 gutters-col-v-2\">\r\n          <!---->\r\n          <div class=\"h-column h-column-container d-flex h-col-lg-auto h-col-md-auto h-col-auto style-838-outer style-local-4222-c7-outer\">\r\n            <div data-colibri-id=\"4222-c7\" class=\"d-flex h-flex-basis h-column__inner h-px-lg-2 h-px-md-2 h-px-2 v-inner-lg-2 v-inner-md-2 v-inner-2 style-838 style-local-4222-c7 position-relative\">\r\n              <!---->\r\n              <!---->\r\n              <div class=\"w-100 h-y-container h-column__content h-column__v-align flex-basis-100 align-self-lg-start align-self-md-start align-self-start\">\r\n                <!---->\r\n                <div data-colibri-id=\"4222-c8\" class=\"h-text h-text-component style-842 style-local-4222-c8 position-relative h-element\">\r\n                  <!---->\r\n                  <!---->\r\n                  <div class=\"\">\r\n                    <p><span style=\"color: rgb(65, 105, 120); font-family: &quot;Open Sans&quot;;\">\u25cf&nbsp;&nbsp;&nbsp;&nbsp;&nbsp;&nbsp;&nbsp;<\/span><span style=\"color: rgb(65, 105, 120); font-family: &quot;Open Sans&quot;; font-size: 20pt;\">Personne physique ou morale qui appelle la population \u00e0 l\u2019Islam et\/ou qui \u0153uvre pour l\u2019entretien de la foi des musulmans convertis ou non (Imams, pr\u00eacheurs, pr\u00e9dicateurs, pr\u00e9dicatrices, structure ou association de Da\u2019wa,\u2026);&nbsp;<\/span><\/p>\r\n                    <p><span style=\"color: rgb(65, 105, 120); font-size: 24px; font-family: &quot;Open Sans&quot;; font-weight: 400;\">\u25cf&nbsp;&nbsp;&nbsp;&nbsp;&nbsp;&nbsp;&nbsp;<\/span><span style=\"color: rgb(65, 105, 120); font-size: 20pt; font-family: &quot;Open Sans&quot;;\">Cr\u00e9ateurs de contenu religieux (vid\u00e9os, podcasts, publications, s\u00e9ries \u00e9ducatives sur les r\u00e9seaux sociaux) ayant une large port\u00e9e et un discours fond\u00e9, clair et rassembleur&nbsp;;<\/span><\/p>\r\n                    <p><span style=\"color: rgb(65, 105, 120); font-size: 24px; font-family: &quot;Open Sans&quot;; font-weight: 400;\">\u25cf&nbsp;&nbsp;&nbsp;&nbsp;&nbsp;&nbsp;&nbsp;<\/span><span style=\"color: rgb(65, 105, 120); font-size: 20pt; font-family: &quot;Open Sans&quot;;\">Formateurs dans les \u00e9coles islamiques, instituts de langue arabe, centres de m\u00e9morisation ou d&rsquo;apprentissage religieux&nbsp;;<\/span><\/p>\r\n                    <p><span style=\"color: rgb(65, 105, 120); font-size: 24px; font-family: &quot;Open Sans&quot;; font-weight: 400;\">\u25cf&nbsp;&nbsp;&nbsp;&nbsp;&nbsp;&nbsp;&nbsp;<\/span><span style=\"color: rgb(65, 105, 120); font-size: 20pt; font-family: &quot;Open Sans&quot;;\">Acteurs de la pr\u00e9dication cibl\u00e9e (en milieu carc\u00e9ral, universitaire, aupr\u00e8s des jeunes ou des convertis, etc..)&nbsp;;<\/span><\/p>\r\n                  <\/div>\r\n                <\/div>\r\n              <\/div>\r\n            <\/div>\r\n          <\/div>\r\n        <\/div>\r\n      <\/div>\r\n    <\/div>\r\n  <\/div>\r\n<\/div>","protected":false},"excerpt":{"rendered":"<p>Peuvent postuler: \u25cf&nbsp;&nbsp;&nbsp;&nbsp;&nbsp;&nbsp;&nbsp;Personne physique ou morale qui appelle la population \u00e0 l\u2019Islam et\/ou qui \u0153uvre pour l\u2019entretien de la foi des musulmans convertis ou non (Imams, pr\u00eacheurs, pr\u00e9dicateurs, pr\u00e9dicatrices, structure ou association de Da\u2019wa,\u2026);&nbsp; \u25cf&nbsp;&nbsp;&nbsp;&nbsp;&nbsp;&nbsp;&nbsp;Cr\u00e9ateurs de contenu religieux (vid\u00e9os, podcasts, publications, s\u00e9ries \u00e9ducatives sur les r\u00e9seaux sociaux) ayant une large port\u00e9e et un discours fond\u00e9, [&hellip;]<\/p>\n","protected":false},"author":1,"featured_media":0,"parent":0,"menu_order":0,"comment_status":"closed","ping_status":"closed","template":"page-templates\/full-width-page.php","meta":{"_uf_show_specific_survey":0,"_uf_disable_surveys":false,"footnotes":""},"class_list":["post-4222","page","type-page","status-publish","hentry"],"_links":{"self":[{"href":"https:\/\/ivoiremuslimawards.com\/index.php?rest_route=\/wp\/v2\/pages\/4222","targetHints":{"allow":["GET"]}}],"collection":[{"href":"https:\/\/ivoiremuslimawards.com\/index.php?rest_route=\/wp\/v2\/pages"}],"about":[{"href":"https:\/\/ivoiremuslimawards.com\/index.php?rest_route=\/wp\/v2\/types\/page"}],"author":[{"embeddable":true,"href":"https:\/\/ivoiremuslimawards.com\/index.php?rest_route=\/wp\/v2\/users\/1"}],"replies":[{"embeddable":true,"href":"https:\/\/ivoiremuslimawards.com\/index.php?rest_route=%2Fwp%2Fv2%2Fcomments&post=4222"}],"version-history":[{"count":7,"href":"https:\/\/ivoiremuslimawards.com\/index.php?rest_route=\/wp\/v2\/pages\/4222\/revisions"}],"predecessor-version":[{"id":4879,"href":"https:\/\/ivoiremuslimawards.com\/index.php?rest_route=\/wp\/v2\/pages\/4222\/revisions\/4879"}],"wp:attachment":[{"href":"https:\/\/ivoiremuslimawards.com\/index.php?rest_route=%2Fwp%2Fv2%2Fmedia&parent=4222"}],"curies":[{"name":"wp","href":"https:\/\/api.w.org\/{rel}","templated":true}]}}