{"id":4223,"date":"2024-10-02T11:40:54","date_gmt":"2024-10-02T09:40:54","guid":{"rendered":"http:\/\/127.0.0.1\/ima\/?page_id=4223"},"modified":"2025-08-22T22:40:54","modified_gmt":"2025-08-22T20:40:54","slug":"prix-cinema-art-et-culture","status":"publish","type":"page","link":"https:\/\/ivoiremuslimawards.com\/?page_id=4223","title":{"rendered":"Prix Cin\u00e9ma, Art et Culture"},"content":{"rendered":"<div data-colibri-id=\"4223-c1\" class=\"style-843 style-local-4223-c1 position-relative\">\n  <!---->\n  <div data-colibri-component=\"section\" data-colibri-id=\"4223-c2\" id=\"custom\" class=\"h-section h-section-global-spacing d-flex align-items-lg-center align-items-md-center align-items-center style-844 style-local-4223-c2 position-relative\">\n    <!---->\n    <!---->\n    <div class=\"h-section-grid-container h-section-boxed-container\">\n      <!---->\n      <div data-colibri-id=\"4223-c3\" class=\"h-row-container gutters-row-lg-2 gutters-row-md-2 gutters-row-0 gutters-row-v-lg-2 gutters-row-v-md-2 gutters-row-v-2 style-847 style-local-4223-c3 position-relative\">\n        <!---->\n        <div class=\"h-row justify-content-lg-center justify-content-md-center justify-content-center align-items-lg-stretch align-items-md-stretch align-items-stretch gutters-col-lg-2 gutters-col-md-2 gutters-col-0 gutters-col-v-lg-2 gutters-col-v-md-2 gutters-col-v-2\">\n          <!---->\n          <div class=\"h-column h-column-container d-flex h-col-lg-auto h-col-md-auto h-col-auto style-848-outer style-local-4223-c4-outer\">\n            <div data-colibri-id=\"4223-c4\" class=\"d-flex h-flex-basis h-column__inner h-px-lg-2 h-px-md-2 h-px-2 v-inner-lg-2 v-inner-md-2 v-inner-2 style-848 style-local-4223-c4 position-relative\">\n              <!---->\n              <!---->\n              <div class=\"w-100 h-y-container h-column__content h-column__v-align flex-basis-100 align-self-lg-start align-self-md-start align-self-start\">\n                <!---->\n                <div data-colibri-id=\"4223-c5\" class=\"h-global-transition-all h-heading style-849 style-local-4223-c5 position-relative h-element\">\n                  <!---->\n                  <div class=\"h-heading__outer style-849 style-local-4223-c5\">\n                    <!---->\n                    <!---->\n                    <h2 class=\"\"><span style=\"color: rgb(255, 212, 3);\">Peuvent postuler:<\/span><\/h2>\n                  <\/div>\n                <\/div>\n              <\/div>\n            <\/div>\n          <\/div>\n        <\/div>\n      <\/div>\n      <div data-colibri-id=\"4223-c6\" class=\"h-row-container gutters-row-lg-2 gutters-row-md-2 gutters-row-0 gutters-row-v-lg-2 gutters-row-v-md-2 gutters-row-v-2 style-845 style-local-4223-c6 position-relative\">\n        <!---->\n        <div class=\"h-row justify-content-lg-center justify-content-md-center justify-content-center align-items-lg-stretch align-items-md-stretch align-items-stretch gutters-col-lg-2 gutters-col-md-2 gutters-col-0 gutters-col-v-lg-2 gutters-col-v-md-2 gutters-col-v-2\">\n          <!---->\n          <div class=\"h-column h-column-container d-flex h-col-lg-auto h-col-md-auto h-col-auto style-846-outer style-local-4223-c7-outer\">\n            <div data-colibri-id=\"4223-c7\" class=\"d-flex h-flex-basis h-column__inner h-px-lg-2 h-px-md-2 h-px-2 v-inner-lg-2 v-inner-md-2 v-inner-2 style-846 style-local-4223-c7 position-relative\">\n              <!---->\n              <!---->\n              <div class=\"w-100 h-y-container h-column__content h-column__v-align flex-basis-100 align-self-lg-start align-self-md-start align-self-start\">\n                <!---->\n                <div data-colibri-id=\"4223-c8\" class=\"h-text h-text-component style-850 style-local-4223-c8 position-relative h-element\">\n                  <!---->\n                  <!---->\n                  <div class=\"\">\n                    <p><span style=\"font-family: &quot;Open Sans&quot;; color: rgb(70, 112, 127);\">\u25cf&nbsp;&nbsp;&nbsp;&nbsp;&nbsp;&nbsp;&nbsp;<\/span><span style=\"font-family: &quot;Open Sans&quot;; color: rgb(70, 112, 127); font-size: 20pt;\">R\u00e9alisateurs, sc\u00e9naristes ou producteurs de films, documentaires ou s\u00e9ries&nbsp;;<\/span><\/p>\n                    <p><span style=\"font-weight: 400; font-family: &quot;Open Sans&quot;; font-size: 24px; color: rgb(70, 112, 127);\">\u25cf&nbsp;&nbsp;&nbsp;&nbsp;&nbsp;&nbsp;&nbsp;<\/span><span style=\"font-family: &quot;Open Sans&quot;; font-size: 20pt; color: rgb(70, 112, 127);\">Acteurs et actrices&nbsp;;<\/span><\/p>\n                    <p><span style=\"font-weight: 400; font-family: &quot;Open Sans&quot;; font-size: 24px; color: rgb(70, 112, 127);\">\u25cf&nbsp;&nbsp;&nbsp;&nbsp;&nbsp;&nbsp;&nbsp;<\/span><span style=\"font-family: &quot;Open Sans&quot;; font-size: 20pt; color: rgb(70, 112, 127);\">Artistes visuels : peinture, photographie, illustration, calligraphie&nbsp;ou art digital&nbsp;;<\/span><\/p>\n                    <p><span style=\"font-weight: 400; font-family: &quot;Open Sans&quot;; font-size: 24px; color: rgb(70, 112, 127);\">\u25cf&nbsp;&nbsp;&nbsp;&nbsp;&nbsp;&nbsp;&nbsp;<\/span><span style=\"font-family: &quot;Open Sans&quot;; font-size: 20pt; color: rgb(70, 112, 127);\">Troupes de th\u00e9\u00e2tre, conteurs, marionnettistes, etc., v\u00e9hiculant des messages d\u2019identit\u00e9, de foi ou de transmission culturelle&nbsp;;<\/span><\/p>\n                    <p><span style=\"font-weight: 400; font-family: &quot;Open Sans&quot;; font-size: 24px; color: rgb(70, 112, 127);\">\u25cf&nbsp;&nbsp;&nbsp;&nbsp;&nbsp;&nbsp;&nbsp;<\/span><span style=\"font-family: &quot;Open Sans&quot;; font-size: 20pt; color: rgb(70, 112, 127);\">Slameurs, po\u00e8tes, \u00e9crivains ou chantres d\u00e9fendant des valeurs humaines et morales de la soci\u00e9t\u00e9 ou de l\u2019Islam \u00e0 travers leurs textes ou \u0153uvres&nbsp;;<\/span><\/p>\n                    <p><span style=\"font-weight: 400; font-family: &quot;Open Sans&quot;; font-size: 24px; color: rgb(70, 112, 127);\">\u25cf&nbsp;&nbsp;&nbsp;&nbsp;&nbsp;&nbsp;&nbsp;<\/span><span style=\"font-family: &quot;Open Sans&quot;; font-size: 20pt; color: rgb(70, 112, 127);\">Organisateurs de festivals, expositions ou \u00e9v\u00e9nements instructifs v\u00e9hiculant des valeurs&nbsp;;<\/span><\/p>\n                    <p><span style=\"font-weight: 400; font-family: &quot;Open Sans&quot;; font-size: 24px; color: rgb(70, 112, 127);\">\u25cf&nbsp;&nbsp;&nbsp;&nbsp;&nbsp;&nbsp;&nbsp;<\/span><span style=\"font-family: &quot;Open Sans&quot;; font-size: 20pt; color: rgb(70, 112, 127);\">Styliste, mod\u00e9liste ou tout acteur de l\u2019art et de la culture.&nbsp; &nbsp;<\/span><\/p>\n                  <\/div>\n                <\/div>\n              <\/div>\n            <\/div>\n          <\/div>\n        <\/div>\n      <\/div>\n    <\/div>\n  <\/div>\n<\/div>","protected":false},"excerpt":{"rendered":"<p>Peuvent postuler: \u25cf&nbsp;&nbsp;&nbsp;&nbsp;&nbsp;&nbsp;&nbsp;R\u00e9alisateurs, sc\u00e9naristes ou producteurs de films, documentaires ou s\u00e9ries&nbsp;; \u25cf&nbsp;&nbsp;&nbsp;&nbsp;&nbsp;&nbsp;&nbsp;Acteurs et actrices&nbsp;; \u25cf&nbsp;&nbsp;&nbsp;&nbsp;&nbsp;&nbsp;&nbsp;Artistes visuels : peinture, photographie, illustration, calligraphie&nbsp;ou art digital&nbsp;; \u25cf&nbsp;&nbsp;&nbsp;&nbsp;&nbsp;&nbsp;&nbsp;Troupes de th\u00e9\u00e2tre, conteurs, marionnettistes, etc., v\u00e9hiculant des messages d\u2019identit\u00e9, de foi ou de transmission culturelle&nbsp;; \u25cf&nbsp;&nbsp;&nbsp;&nbsp;&nbsp;&nbsp;&nbsp;Slameurs, po\u00e8tes, \u00e9crivains ou chantres d\u00e9fendant des valeurs humaines et morales de la soci\u00e9t\u00e9 ou de [&hellip;]<\/p>\n","protected":false},"author":1,"featured_media":0,"parent":0,"menu_order":0,"comment_status":"closed","ping_status":"closed","template":"page-templates\/full-width-page.php","meta":{"_uf_show_specific_survey":0,"_uf_disable_surveys":false,"footnotes":""},"class_list":["post-4223","page","type-page","status-publish","hentry"],"_links":{"self":[{"href":"https:\/\/ivoiremuslimawards.com\/index.php?rest_route=\/wp\/v2\/pages\/4223","targetHints":{"allow":["GET"]}}],"collection":[{"href":"https:\/\/ivoiremuslimawards.com\/index.php?rest_route=\/wp\/v2\/pages"}],"about":[{"href":"https:\/\/ivoiremuslimawards.com\/index.php?rest_route=\/wp\/v2\/types\/page"}],"author":[{"embeddable":true,"href":"https:\/\/ivoiremuslimawards.com\/index.php?rest_route=\/wp\/v2\/users\/1"}],"replies":[{"embeddable":true,"href":"https:\/\/ivoiremuslimawards.com\/index.php?rest_route=%2Fwp%2Fv2%2Fcomments&post=4223"}],"version-history":[{"count":5,"href":"https:\/\/ivoiremuslimawards.com\/index.php?rest_route=\/wp\/v2\/pages\/4223\/revisions"}],"predecessor-version":[{"id":5021,"href":"https:\/\/ivoiremuslimawards.com\/index.php?rest_route=\/wp\/v2\/pages\/4223\/revisions\/5021"}],"wp:attachment":[{"href":"https:\/\/ivoiremuslimawards.com\/index.php?rest_route=%2Fwp%2Fv2%2Fmedia&parent=4223"}],"curies":[{"name":"wp","href":"https:\/\/api.w.org\/{rel}","templated":true}]}}