{"id":4809,"date":"2025-08-22T21:12:03","date_gmt":"2025-08-22T19:12:03","guid":{"rendered":"https:\/\/ivoiremuslimawards.com\/?page_id=4809"},"modified":"2025-08-23T00:02:03","modified_gmt":"2025-08-22T22:02:03","slug":"prix-sciences-innovation-technologique-2","status":"publish","type":"page","link":"https:\/\/ivoiremuslimawards.com\/?page_id=4809","title":{"rendered":"Prix Sciences &amp; Innovation technologique"},"content":{"rendered":"<div data-colibri-id=\"4809-c1\" class=\"style-1095 style-local-4809-c1 position-relative\">\r\n  <!---->\r\n  <div data-colibri-component=\"section\" data-colibri-id=\"4809-c2\" id=\"custom\" class=\"h-section h-section-global-spacing d-flex align-items-lg-center align-items-md-center align-items-center style-1096 style-local-4809-c2 position-relative\">\r\n    <!---->\r\n    <!---->\r\n    <div class=\"h-section-grid-container h-section-boxed-container\">\r\n      <!---->\r\n      <div data-colibri-id=\"4809-c3\" class=\"h-row-container gutters-row-lg-2 gutters-row-md-2 gutters-row-0 gutters-row-v-lg-2 gutters-row-v-md-2 gutters-row-v-2 style-1097 style-local-4809-c3 position-relative\">\r\n        <!---->\r\n        <div class=\"h-row justify-content-lg-center justify-content-md-center justify-content-center align-items-lg-stretch align-items-md-stretch align-items-stretch gutters-col-lg-2 gutters-col-md-2 gutters-col-0 gutters-col-v-lg-2 gutters-col-v-md-2 gutters-col-v-2\">\r\n          <!---->\r\n          <div class=\"h-column h-column-container d-flex h-col-lg-auto h-col-md-auto h-col-auto style-1098-outer style-local-4809-c4-outer\">\r\n            <div data-colibri-id=\"4809-c4\" class=\"d-flex h-flex-basis h-column__inner h-px-lg-2 h-px-md-2 h-px-2 v-inner-lg-2 v-inner-md-2 v-inner-2 style-1098 style-local-4809-c4 position-relative\">\r\n              <!---->\r\n              <!---->\r\n              <div class=\"w-100 h-y-container h-column__content h-column__v-align flex-basis-100 align-self-lg-start align-self-md-start align-self-start\">\r\n                <!---->\r\n                <div data-colibri-id=\"4809-c5\" class=\"h-global-transition-all h-heading style-1099 style-local-4809-c5 position-relative h-element\">\r\n                  <!---->\r\n                  <div class=\"h-heading__outer style-1099 style-local-4809-c5\">\r\n                    <!---->\r\n                    <!---->\r\n                    <h2 class=\"\"><span style=\"color: rgb(255, 212, 3);\">Peuvent postuler:<\/span><\/h2>\r\n                  <\/div>\r\n                <\/div>\r\n              <\/div>\r\n            <\/div>\r\n          <\/div>\r\n        <\/div>\r\n      <\/div>\r\n      <div data-colibri-id=\"4809-c6\" class=\"h-row-container gutters-row-lg-2 gutters-row-md-2 gutters-row-0 gutters-row-v-lg-2 gutters-row-v-md-2 gutters-row-v-2 style-1100 style-local-4809-c6 position-relative\">\r\n        <!---->\r\n        <div class=\"h-row justify-content-lg-center justify-content-md-center justify-content-center align-items-lg-stretch align-items-md-stretch align-items-stretch gutters-col-lg-2 gutters-col-md-2 gutters-col-0 gutters-col-v-lg-2 gutters-col-v-md-2 gutters-col-v-2\">\r\n          <!---->\r\n          <div class=\"h-column h-column-container d-flex h-col-lg-auto h-col-md-auto h-col-auto style-1101-outer style-local-4809-c7-outer\">\r\n            <div data-colibri-id=\"4809-c7\" class=\"d-flex h-flex-basis h-column__inner h-px-lg-2 h-px-md-2 h-px-2 v-inner-lg-2 v-inner-md-2 v-inner-2 style-1101 style-local-4809-c7 position-relative\">\r\n              <!---->\r\n              <!---->\r\n              <div class=\"w-100 h-y-container h-column__content h-column__v-align flex-basis-100 align-self-lg-start align-self-md-start align-self-start\">\r\n                <!---->\r\n                <div data-colibri-id=\"4809-c8\" class=\"h-text h-text-component style-834 style-local-4809-c8 position-relative h-element\">\r\n                  <!---->\r\n                  <!---->\r\n                  <div class=\"\">\r\n                    <p><span style=\"color: rgb(65, 105, 120); font-family: &quot;Open Sans&quot;;\">\u25cf&nbsp;&nbsp;&nbsp;&nbsp;&nbsp;&nbsp;&nbsp;<\/span><span style=\"color: rgb(65, 105, 120); font-family: &quot;Open Sans&quot;; font-size: 20pt;\">Chercheurs en sciences fondamentales ou appliqu\u00e9es ayant produit des travaux significatifs (publications reconnues, recherches appliqu\u00e9es \u00e0 des probl\u00e9matiques locales)&nbsp;;&nbsp;<\/span><\/p>\r\n                    <p><span style=\"color: rgb(65, 105, 120); font-family: &quot;Open Sans&quot;;\">\u25cf&nbsp;&nbsp;&nbsp;&nbsp;&nbsp;&nbsp;&nbsp;<\/span><span style=\"color: rgb(65, 105, 120); font-family: &quot;Open Sans&quot;; font-size: 20pt;\">Inventeurs ou innovateurs ayant d\u00e9velopp\u00e9 une solution concr\u00e8te (brevet, prototype fonctionnel, innovation \u00e0 impact social ou environnemental mesurable)&nbsp;;<\/span><\/p>\r\n                    <p><span style=\"font-weight: 400; color: rgb(65, 105, 120); font-size: 24px; font-family: &quot;Open Sans&quot;;\">\u25cf&nbsp;&nbsp;&nbsp;&nbsp;&nbsp;&nbsp;&nbsp;<\/span><span style=\"color: rgb(65, 105, 120); font-size: 20pt; font-family: &quot;Open Sans&quot;;\">Enseignants ou formateurs ayant initi\u00e9 ou encadr\u00e9 des projets scientifiques dans des \u00e9tablissements ou communaut\u00e9s, favorisant l\u2019\u00e9veil scientifique des jeunes&nbsp;;<\/span><\/p>\r\n                    <p><span style=\"color: rgb(65, 105, 120); font-family: &quot;Open Sans&quot;;\">\u25cf&nbsp;&nbsp;&nbsp;&nbsp;&nbsp;&nbsp;&nbsp;<\/span><span style=\"color: rgb(65, 105, 120); font-family: &quot;Open Sans&quot;; font-size: 20pt;\">Startups technologiques ou projets entrepreneuriaux innovants apportant une solution locale (application mobile, \u00e9nergie, sant\u00e9, \u00e9ducation, agriculture, etc.)&nbsp;;<\/span><\/p>\r\n                    <p><span style=\"color: rgb(65, 105, 120); font-family: &quot;Open Sans&quot;;\">\u25cf&nbsp;&nbsp;&nbsp;&nbsp;&nbsp;&nbsp;&nbsp;<\/span><span style=\"color: rgb(65, 105, 120); font-family: &quot;Open Sans&quot;; font-size: 20pt;\">\u00c9tudiants ou \u00e9l\u00e8ves ayant remport\u00e9 des concours ou prix scientifiques ou technologiques (nationaux ou internationaux).<\/span><\/p>\r\n                  <\/div>\r\n                <\/div>\r\n              <\/div>\r\n            <\/div>\r\n          <\/div>\r\n        <\/div>\r\n      <\/div>\r\n    <\/div>\r\n  <\/div>\r\n<\/div>","protected":false},"excerpt":{"rendered":"<p>Peuvent postuler: \u25cf&nbsp;&nbsp;&nbsp;&nbsp;&nbsp;&nbsp;&nbsp;Chercheurs en sciences fondamentales ou appliqu\u00e9es ayant produit des travaux significatifs (publications reconnues, recherches appliqu\u00e9es \u00e0 des probl\u00e9matiques locales)&nbsp;;&nbsp; \u25cf&nbsp;&nbsp;&nbsp;&nbsp;&nbsp;&nbsp;&nbsp;Inventeurs ou innovateurs ayant d\u00e9velopp\u00e9 une solution concr\u00e8te (brevet, prototype fonctionnel, innovation \u00e0 impact social ou environnemental mesurable)&nbsp;; \u25cf&nbsp;&nbsp;&nbsp;&nbsp;&nbsp;&nbsp;&nbsp;Enseignants ou formateurs ayant initi\u00e9 ou encadr\u00e9 des projets scientifiques dans des \u00e9tablissements ou communaut\u00e9s, favorisant [&hellip;]<\/p>\n","protected":false},"author":1,"featured_media":0,"parent":0,"menu_order":0,"comment_status":"closed","ping_status":"closed","template":"page-templates\/full-width-page.php","meta":{"_uf_show_specific_survey":0,"_uf_disable_surveys":false,"footnotes":""},"class_list":["post-4809","page","type-page","status-publish","hentry"],"_links":{"self":[{"href":"https:\/\/ivoiremuslimawards.com\/index.php?rest_route=\/wp\/v2\/pages\/4809","targetHints":{"allow":["GET"]}}],"collection":[{"href":"https:\/\/ivoiremuslimawards.com\/index.php?rest_route=\/wp\/v2\/pages"}],"about":[{"href":"https:\/\/ivoiremuslimawards.com\/index.php?rest_route=\/wp\/v2\/types\/page"}],"author":[{"embeddable":true,"href":"https:\/\/ivoiremuslimawards.com\/index.php?rest_route=\/wp\/v2\/users\/1"}],"replies":[{"embeddable":true,"href":"https:\/\/ivoiremuslimawards.com\/index.php?rest_route=%2Fwp%2Fv2%2Fcomments&post=4809"}],"version-history":[{"count":6,"href":"https:\/\/ivoiremuslimawards.com\/index.php?rest_route=\/wp\/v2\/pages\/4809\/revisions"}],"predecessor-version":[{"id":5018,"href":"https:\/\/ivoiremuslimawards.com\/index.php?rest_route=\/wp\/v2\/pages\/4809\/revisions\/5018"}],"wp:attachment":[{"href":"https:\/\/ivoiremuslimawards.com\/index.php?rest_route=%2Fwp%2Fv2%2Fmedia&parent=4809"}],"curies":[{"name":"wp","href":"https:\/\/api.w.org\/{rel}","templated":true}]}}