{"id":4919,"date":"2025-08-23T00:26:31","date_gmt":"2025-08-22T22:26:31","guid":{"rendered":"https:\/\/ivoiremuslimawards.com\/?page_id=4919"},"modified":"2025-08-23T00:31:45","modified_gmt":"2025-08-22T22:31:45","slug":"prix-humanitaire-social","status":"publish","type":"page","link":"https:\/\/ivoiremuslimawards.com\/?page_id=4919","title":{"rendered":"Prix Humanitaire &amp; Social"},"content":{"rendered":"<div data-colibri-id=\"4919-c1\" class=\"style-1119 style-local-4919-c1 position-relative\">\n  <!---->\n  <div data-colibri-component=\"section\" data-colibri-id=\"4919-c2\" id=\"custom\" class=\"h-section h-section-global-spacing d-flex align-items-lg-center align-items-md-center align-items-center style-1120 style-local-4919-c2 position-relative\">\n    <!---->\n    <!---->\n    <div class=\"h-section-grid-container h-section-boxed-container\">\n      <!---->\n      <div data-colibri-id=\"4919-c3\" class=\"h-row-container gutters-row-lg-2 gutters-row-md-2 gutters-row-0 gutters-row-v-lg-2 gutters-row-v-md-2 gutters-row-v-2 style-1121 style-local-4919-c3 position-relative\">\n        <!---->\n        <div class=\"h-row justify-content-lg-center justify-content-md-center justify-content-center align-items-lg-stretch align-items-md-stretch align-items-stretch gutters-col-lg-2 gutters-col-md-2 gutters-col-0 gutters-col-v-lg-2 gutters-col-v-md-2 gutters-col-v-2\">\n          <!---->\n          <div class=\"h-column h-column-container d-flex h-col-lg-auto h-col-md-auto h-col-auto style-1122-outer style-local-4919-c4-outer\">\n            <div data-colibri-id=\"4919-c4\" class=\"d-flex h-flex-basis h-column__inner h-px-lg-2 h-px-md-2 h-px-2 v-inner-lg-2 v-inner-md-2 v-inner-2 style-1122 style-local-4919-c4 position-relative\">\n              <!---->\n              <!---->\n              <div class=\"w-100 h-y-container h-column__content h-column__v-align flex-basis-100 align-self-lg-start align-self-md-start align-self-start\">\n                <!---->\n                <div data-colibri-id=\"4919-c5\" class=\"h-global-transition-all h-heading style-1123 style-local-4919-c5 position-relative h-element\">\n                  <!---->\n                  <div class=\"h-heading__outer style-1123 style-local-4919-c5\">\n                    <!---->\n                    <!---->\n                    <h2 class=\"\"><span style=\"color: rgb(255, 212, 3);\">Peuvent postuler:<\/span><\/h2>\n                  <\/div>\n                <\/div>\n              <\/div>\n            <\/div>\n          <\/div>\n        <\/div>\n      <\/div>\n      <div data-colibri-id=\"4919-c6\" class=\"h-row-container gutters-row-lg-2 gutters-row-md-2 gutters-row-0 gutters-row-v-lg-2 gutters-row-v-md-2 gutters-row-v-2 style-1124 style-local-4919-c6 position-relative\">\n        <!---->\n        <div class=\"h-row justify-content-lg-center justify-content-md-center justify-content-center align-items-lg-stretch align-items-md-stretch align-items-stretch gutters-col-lg-2 gutters-col-md-2 gutters-col-0 gutters-col-v-lg-2 gutters-col-v-md-2 gutters-col-v-2\">\n          <!---->\n          <div class=\"h-column h-column-container d-flex h-col-lg-auto h-col-md-auto h-col-auto style-1125-outer style-local-4919-c7-outer\">\n            <div data-colibri-id=\"4919-c7\" class=\"d-flex h-flex-basis h-column__inner h-px-lg-2 h-px-md-2 h-px-2 v-inner-lg-2 v-inner-md-2 v-inner-2 style-1125 style-local-4919-c7 position-relative\">\n              <!---->\n              <!---->\n              <div class=\"w-100 h-y-container h-column__content h-column__v-align flex-basis-100 align-self-lg-start align-self-md-start align-self-start\">\n                <!---->\n                <div data-colibri-id=\"4919-c8\" class=\"h-text h-text-component style-1126 style-local-4919-c8 position-relative h-element\">\n                  <!---->\n                  <!---->\n                  <div class=\"\">\n                    <p><span style=\"color: rgb(70, 114, 129); font-size: 24px; font-family: &quot;Open Sans&quot;; font-weight: 400;\">\u25cf&nbsp;&nbsp;&nbsp;&nbsp;<\/span><span style=\"color: rgb(70, 114, 129); font-size: 20pt; font-family: &quot;Open Sans&quot;;\">Associations ou ONG musulmanes \u0153uvrant dans l\u2019humanitaire (infrastructures, \u00e9ducation, alimentaire, acc\u00e8s \u00e0 l\u2019eau, logements, soins, etc.)&nbsp;;<\/span><\/p>\n                    <p><span style=\"color: rgb(70, 114, 129); font-size: 24px; font-family: &quot;Open Sans&quot;; font-weight: 400;\">\u25cf&nbsp;&nbsp;&nbsp;&nbsp;<\/span><span style=\"color: rgb(70, 114, 129); font-size: 20pt; font-family: &quot;Open Sans&quot;;\">Volontaires ou travailleurs sociaux engag\u00e9s dans des actions en faveur des couches vuln\u00e9rables sp\u00e9cifiques&nbsp;: aide aux orphelins, veuves, r\u00e9fugi\u00e9s, prisonniers, personnes \u00e2g\u00e9es&nbsp;ou en situation de&nbsp;handicap ;<\/span><\/p>\n                    <p><span style=\"color: rgb(70, 114, 129); font-size: 24px; font-family: &quot;Open Sans&quot;; font-weight: 400;\">\u25cf&nbsp;&nbsp;&nbsp;&nbsp;<\/span><span style=\"color: rgb(70, 114, 129); font-size: 20pt; font-family: &quot;Open Sans&quot;;\">Initiateurs de projets communautaires durables : cantines solidaires, coop\u00e9ratives f\u00e9minines, banques alimentaires, programmes d\u2019insertion ou d\u2019autonomisation&nbsp;;<\/span><\/p>\n                    <p><span style=\"color: rgb(70, 114, 129); font-size: 24px; font-family: &quot;Open Sans&quot;; font-weight: 400;\">\u25cf&nbsp;&nbsp;&nbsp;&nbsp;<\/span><span style=\"color: rgb(70, 114, 129); font-size: 20pt; font-family: &quot;Open Sans&quot;;\">Actions sociales durant le mois de Ramadan&nbsp;ou les grandes f\u00eates religieuses (iftar collectifs, distribution de kits, visites aux malades, etc.)&nbsp;;<\/span><\/p>\n                    <p><span style=\"color: rgb(70, 114, 129); font-size: 24px; font-family: &quot;Open Sans&quot;; font-weight: 400;\">\u25cf&nbsp;&nbsp;&nbsp;&nbsp;<\/span><span style=\"color: rgb(70, 114, 129); font-size: 20pt; font-family: &quot;Open Sans&quot;;\">Projets \u00e0 fort impact en zone rurale ou marginalis\u00e9e, permettant d&rsquo;am\u00e9liorer les conditions de vie de populations&nbsp;;<\/span><\/p>\n                    <p><span style=\"color: rgb(70, 114, 129); font-size: 24px; font-family: &quot;Open Sans&quot;; font-weight: 400;\">\u25cf&nbsp;&nbsp;&nbsp;&nbsp;<\/span><span style=\"color: rgb(70, 114, 129); font-size: 20pt; font-family: &quot;Open Sans&quot;;\">Personne physique ou morale qui met ses ressources au service des musulmans pour la recherche de la face d\u2019Allah&nbsp;(financement de centres d\u2019apprentissage de l\u2019Islam ou du Saint Coran, prise en charge de Hadj ou de Oumra\u2026)&nbsp;;<\/span><\/p>\n                    <p>\n                      <br>\n                    <\/p>\n                  <\/div>\n                <\/div>\n              <\/div>\n            <\/div>\n          <\/div>\n        <\/div>\n      <\/div>\n    <\/div>\n  <\/div>\n<\/div>","protected":false},"excerpt":{"rendered":"<p>Peuvent postuler: \u25cf&nbsp;&nbsp;&nbsp;&nbsp;Associations ou ONG musulmanes \u0153uvrant dans l\u2019humanitaire (infrastructures, \u00e9ducation, alimentaire, acc\u00e8s \u00e0 l\u2019eau, logements, soins, etc.)&nbsp;; \u25cf&nbsp;&nbsp;&nbsp;&nbsp;Volontaires ou travailleurs sociaux engag\u00e9s dans des actions en faveur des couches vuln\u00e9rables sp\u00e9cifiques&nbsp;: aide aux orphelins, veuves, r\u00e9fugi\u00e9s, prisonniers, personnes \u00e2g\u00e9es&nbsp;ou en situation de&nbsp;handicap ; \u25cf&nbsp;&nbsp;&nbsp;&nbsp;Initiateurs de projets communautaires durables : cantines solidaires, coop\u00e9ratives f\u00e9minines, banques [&hellip;]<\/p>\n","protected":false},"author":1,"featured_media":0,"parent":0,"menu_order":0,"comment_status":"closed","ping_status":"closed","template":"page-templates\/full-width-page.php","meta":{"_uf_show_specific_survey":0,"_uf_disable_surveys":false,"footnotes":""},"class_list":["post-4919","page","type-page","status-publish","hentry"],"_links":{"self":[{"href":"https:\/\/ivoiremuslimawards.com\/index.php?rest_route=\/wp\/v2\/pages\/4919","targetHints":{"allow":["GET"]}}],"collection":[{"href":"https:\/\/ivoiremuslimawards.com\/index.php?rest_route=\/wp\/v2\/pages"}],"about":[{"href":"https:\/\/ivoiremuslimawards.com\/index.php?rest_route=\/wp\/v2\/types\/page"}],"author":[{"embeddable":true,"href":"https:\/\/ivoiremuslimawards.com\/index.php?rest_route=\/wp\/v2\/users\/1"}],"replies":[{"embeddable":true,"href":"https:\/\/ivoiremuslimawards.com\/index.php?rest_route=%2Fwp%2Fv2%2Fcomments&post=4919"}],"version-history":[{"count":3,"href":"https:\/\/ivoiremuslimawards.com\/index.php?rest_route=\/wp\/v2\/pages\/4919\/revisions"}],"predecessor-version":[{"id":5023,"href":"https:\/\/ivoiremuslimawards.com\/index.php?rest_route=\/wp\/v2\/pages\/4919\/revisions\/5023"}],"wp:attachment":[{"href":"https:\/\/ivoiremuslimawards.com\/index.php?rest_route=%2Fwp%2Fv2%2Fmedia&parent=4919"}],"curies":[{"name":"wp","href":"https:\/\/api.w.org\/{rel}","templated":true}]}}