{"id":4939,"date":"2025-08-23T09:45:21","date_gmt":"2025-08-23T07:45:21","guid":{"rendered":"https:\/\/ivoiremuslimawards.com\/?page_id=4939"},"modified":"2025-08-25T15:18:16","modified_gmt":"2025-08-25T13:18:16","slug":"prix-education","status":"publish","type":"page","link":"https:\/\/ivoiremuslimawards.com\/?page_id=4939","title":{"rendered":"PRIX EDUCATION"},"content":{"rendered":"<div data-colibri-id=\"4939-c1\" class=\"style-1127 style-local-4939-c1 position-relative\">\n  <!---->\n  <div data-colibri-component=\"section\" data-colibri-id=\"4939-c2\" id=\"custom\" class=\"h-section h-section-global-spacing d-flex align-items-lg-center align-items-md-center align-items-center style-1128 style-local-4939-c2 position-relative\">\n    <!---->\n    <!---->\n    <div class=\"h-section-grid-container h-section-boxed-container\">\n      <!---->\n      <div data-colibri-id=\"4939-c3\" class=\"h-row-container gutters-row-lg-2 gutters-row-md-2 gutters-row-0 gutters-row-v-lg-2 gutters-row-v-md-2 gutters-row-v-2 style-1129 style-local-4939-c3 position-relative\">\n        <!---->\n        <div class=\"h-row justify-content-lg-center justify-content-md-center justify-content-center align-items-lg-stretch align-items-md-stretch align-items-stretch gutters-col-lg-2 gutters-col-md-2 gutters-col-0 gutters-col-v-lg-2 gutters-col-v-md-2 gutters-col-v-2\">\n          <!---->\n          <div class=\"h-column h-column-container d-flex h-col-lg-auto h-col-md-auto h-col-auto style-1130-outer style-local-4939-c4-outer\">\n            <div data-colibri-id=\"4939-c4\" class=\"d-flex h-flex-basis h-column__inner h-px-lg-2 h-px-md-2 h-px-2 v-inner-lg-2 v-inner-md-2 v-inner-2 style-1130 style-local-4939-c4 position-relative\">\n              <!---->\n              <!---->\n              <div class=\"w-100 h-y-container h-column__content h-column__v-align flex-basis-100 align-self-lg-start align-self-md-start align-self-start\">\n                <!---->\n                <div data-colibri-id=\"4939-c5\" class=\"h-global-transition-all h-heading style-1131 style-local-4939-c5 position-relative h-element\">\n                  <!---->\n                  <div class=\"h-heading__outer style-1131 style-local-4939-c5\">\n                    <!---->\n                    <!---->\n                    <h2 class=\"\"><span style=\"color: rgb(255, 212, 3); font-family: &quot;Open Sans&quot;;\">Peuvent postuler:\ufeff<\/span><\/h2>\n                  <\/div>\n                <\/div>\n              <\/div>\n            <\/div>\n          <\/div>\n        <\/div>\n      <\/div>\n      <div data-colibri-id=\"4939-c6\" class=\"h-row-container gutters-row-lg-2 gutters-row-md-2 gutters-row-0 gutters-row-v-lg-2 gutters-row-v-md-2 gutters-row-v-2 style-1132 style-local-4939-c6 position-relative\">\n        <!---->\n        <div class=\"h-row justify-content-lg-center justify-content-md-center justify-content-center align-items-lg-stretch align-items-md-stretch align-items-stretch gutters-col-lg-2 gutters-col-md-2 gutters-col-0 gutters-col-v-lg-2 gutters-col-v-md-2 gutters-col-v-2\">\n          <!---->\n          <div class=\"h-column h-column-container d-flex h-col-lg-auto h-col-md-auto h-col-auto style-1133-outer style-local-4939-c7-outer\">\n            <div data-colibri-id=\"4939-c7\" class=\"d-flex h-flex-basis h-column__inner h-px-lg-2 h-px-md-2 h-px-2 v-inner-lg-2 v-inner-md-2 v-inner-2 style-1133 style-local-4939-c7 position-relative\">\n              <!---->\n              <!---->\n              <div class=\"w-100 h-y-container h-column__content h-column__v-align flex-basis-100 align-self-lg-start align-self-md-start align-self-start\">\n                <!---->\n                <div data-colibri-id=\"4939-c8\" class=\"h-text h-text-component style-1134 style-local-4939-c8 position-relative h-element\">\n                  <!---->\n                  <!---->\n                  <div class=\"\">\n                    <p><span style=\"font-family: &quot;Open Sans&quot;; font-size: 24px; color: rgb(70, 114, 129); font-weight: 400;\">\u25cf&nbsp;&nbsp;&nbsp;&nbsp;<\/span><span style=\"font-family: &quot;Open Sans&quot;; font-size: 20pt; color: rgb(69, 112, 127);\">Les meilleurs \u00e9l\u00e8ves ou \u00e9tudiants de l\u2019ann\u00e9e \u00e9coul\u00e9e&nbsp;;<\/span><\/p>\n                    <p><span style=\"font-family: &quot;Open Sans&quot;; font-size: 24px; color: rgb(70, 114, 129); font-weight: 400;\">\u25cf&nbsp;&nbsp;&nbsp;&nbsp;<\/span><span style=\"font-family: &quot;Open Sans&quot;; font-size: 20pt; color: rgb(69, 112, 127);\">Les \u00e9tablissements scolaires confessionnels islamiques ou mixtes d\u00e9tenus par des musulmans.<\/span><\/p>\n                    <p>\n                      <br>\n                    <\/p>\n                  <\/div>\n                <\/div>\n              <\/div>\n            <\/div>\n          <\/div>\n        <\/div>\n      <\/div>\n    <\/div>\n  <\/div>\n<\/div>","protected":false},"excerpt":{"rendered":"<p>Peuvent postuler:\ufeff \u25cf&nbsp;&nbsp;&nbsp;&nbsp;Les meilleurs \u00e9l\u00e8ves ou \u00e9tudiants de l\u2019ann\u00e9e \u00e9coul\u00e9e&nbsp;; \u25cf&nbsp;&nbsp;&nbsp;&nbsp;Les \u00e9tablissements scolaires confessionnels islamiques ou mixtes d\u00e9tenus par des musulmans.<\/p>\n","protected":false},"author":1,"featured_media":0,"parent":0,"menu_order":0,"comment_status":"closed","ping_status":"closed","template":"page-templates\/full-width-page.php","meta":{"_uf_show_specific_survey":0,"_uf_disable_surveys":false,"footnotes":""},"class_list":["post-4939","page","type-page","status-publish","hentry"],"_links":{"self":[{"href":"https:\/\/ivoiremuslimawards.com\/index.php?rest_route=\/wp\/v2\/pages\/4939","targetHints":{"allow":["GET"]}}],"collection":[{"href":"https:\/\/ivoiremuslimawards.com\/index.php?rest_route=\/wp\/v2\/pages"}],"about":[{"href":"https:\/\/ivoiremuslimawards.com\/index.php?rest_route=\/wp\/v2\/types\/page"}],"author":[{"embeddable":true,"href":"https:\/\/ivoiremuslimawards.com\/index.php?rest_route=\/wp\/v2\/users\/1"}],"replies":[{"embeddable":true,"href":"https:\/\/ivoiremuslimawards.com\/index.php?rest_route=%2Fwp%2Fv2%2Fcomments&post=4939"}],"version-history":[{"count":5,"href":"https:\/\/ivoiremuslimawards.com\/index.php?rest_route=\/wp\/v2\/pages\/4939\/revisions"}],"predecessor-version":[{"id":5024,"href":"https:\/\/ivoiremuslimawards.com\/index.php?rest_route=\/wp\/v2\/pages\/4939\/revisions\/5024"}],"wp:attachment":[{"href":"https:\/\/ivoiremuslimawards.com\/index.php?rest_route=%2Fwp%2Fv2%2Fmedia&parent=4939"}],"curies":[{"name":"wp","href":"https:\/\/api.w.org\/{rel}","templated":true}]}}