{"id":4941,"date":"2025-08-23T10:17:02","date_gmt":"2025-08-23T08:17:02","guid":{"rendered":"https:\/\/ivoiremuslimawards.com\/?page_id=4941"},"modified":"2025-08-23T10:22:00","modified_gmt":"2025-08-23T08:22:00","slug":"elevage-agro-industrie","status":"publish","type":"page","link":"https:\/\/ivoiremuslimawards.com\/?page_id=4941","title":{"rendered":"\u00c9levage &amp; Agro-Industrie"},"content":{"rendered":"<div data-colibri-id=\"4941-c1\" class=\"style-1135 style-local-4941-c1 position-relative\">\n  <!---->\n  <div data-colibri-component=\"section\" data-colibri-id=\"4941-c2\" id=\"custom\" class=\"h-section h-section-global-spacing d-flex align-items-lg-center align-items-md-center align-items-center style-1136 style-local-4941-c2 position-relative\">\n    <!---->\n    <!---->\n    <div class=\"h-section-grid-container h-section-boxed-container\">\n      <!---->\n      <div data-colibri-id=\"4941-c3\" class=\"h-row-container gutters-row-lg-2 gutters-row-md-2 gutters-row-0 gutters-row-v-lg-2 gutters-row-v-md-2 gutters-row-v-2 style-1137 style-local-4941-c3 position-relative\">\n        <!---->\n        <div class=\"h-row justify-content-lg-center justify-content-md-center justify-content-center align-items-lg-stretch align-items-md-stretch align-items-stretch gutters-col-lg-2 gutters-col-md-2 gutters-col-0 gutters-col-v-lg-2 gutters-col-v-md-2 gutters-col-v-2\">\n          <!---->\n          <div class=\"h-column h-column-container d-flex h-col-lg-auto h-col-md-auto h-col-auto style-1138-outer style-local-4941-c4-outer\">\n            <div data-colibri-id=\"4941-c4\" class=\"d-flex h-flex-basis h-column__inner h-px-lg-2 h-px-md-2 h-px-2 v-inner-lg-2 v-inner-md-2 v-inner-2 style-1138 style-local-4941-c4 position-relative\">\n              <!---->\n              <!---->\n              <div class=\"w-100 h-y-container h-column__content h-column__v-align flex-basis-100 align-self-lg-start align-self-md-start align-self-start\">\n                <!---->\n                <div data-colibri-id=\"4941-c5\" class=\"h-global-transition-all h-heading style-1139 style-local-4941-c5 position-relative h-element\">\n                  <!---->\n                  <div class=\"h-heading__outer style-1139 style-local-4941-c5\">\n                    <!---->\n                    <!---->\n                    <h2 class=\"\"><span style=\"font-family: &quot;Open Sans&quot;; color: rgb(255, 212, 3);\">Peuvent postuler:<\/span><\/h2>\n                  <\/div>\n                <\/div>\n              <\/div>\n            <\/div>\n          <\/div>\n        <\/div>\n      <\/div>\n      <div data-colibri-id=\"4941-c6\" class=\"h-row-container gutters-row-lg-2 gutters-row-md-2 gutters-row-0 gutters-row-v-lg-2 gutters-row-v-md-2 gutters-row-v-2 style-1140 style-local-4941-c6 position-relative\">\n        <!---->\n        <div class=\"h-row justify-content-lg-center justify-content-md-center justify-content-center align-items-lg-stretch align-items-md-stretch align-items-stretch gutters-col-lg-2 gutters-col-md-2 gutters-col-0 gutters-col-v-lg-2 gutters-col-v-md-2 gutters-col-v-2\">\n          <!---->\n          <div class=\"h-column h-column-container d-flex h-col-lg-auto h-col-md-auto h-col-auto style-1141-outer style-local-4941-c7-outer\">\n            <div data-colibri-id=\"4941-c7\" class=\"d-flex h-flex-basis h-column__inner h-px-lg-2 h-px-md-2 h-px-2 v-inner-lg-2 v-inner-md-2 v-inner-2 style-1141 style-local-4941-c7 position-relative\">\n              <!---->\n              <!---->\n              <div class=\"w-100 h-y-container h-column__content h-column__v-align flex-basis-100 align-self-lg-start align-self-md-start align-self-start\">\n                <!---->\n                <div data-colibri-id=\"4941-c8\" class=\"h-text h-text-component style-1142 style-local-4941-c8 position-relative h-element\">\n                  <!---->\n                  <!---->\n                  <div class=\"\">\n                    <p><span style=\"color: rgb(70, 114, 129); font-size: 24px; font-family: &quot;Open Sans&quot;; font-weight: 400;\">\u25cf&nbsp;&nbsp;&nbsp;&nbsp;<\/span><span style=\"color: rgb(70, 114, 129); font-size: 20pt; font-family: &quot;Open Sans&quot;;\">\u00c9leveurs ou coop\u00e9ratives d\u2019\u00e9levage (bovin, avicole, piscicole, etc.) ayant un fort impact local ou r\u00e9gional&nbsp;;<\/span><\/p>\n                    <p><span style=\"color: rgb(70, 114, 129); font-size: 24px; font-family: &quot;Open Sans&quot;; font-weight: 400;\">\u25cf&nbsp;&nbsp;&nbsp;&nbsp;<\/span><span style=\"color: rgb(70, 114, 129); font-size: 20pt; font-family: &quot;Open Sans&quot;;\">Entrepreneurs en agro-industrie valorisant les produits agricoles ou animaux (transformation, conditionnement, distribution\u2026)&nbsp;;<\/span><\/p>\n                    <p><span style=\"color: rgb(70, 114, 129); font-size: 24px; font-family: &quot;Open Sans&quot;; font-weight: 400;\">\u25cf&nbsp;&nbsp;&nbsp;&nbsp;<\/span><span style=\"color: rgb(70, 114, 129); font-size: 20pt; font-family: &quot;Open Sans&quot;;\">Structures respectant les normes halal et les pratiques \u00e9thiques, en mati\u00e8re de production, d\u2019abattage, d\u2019hygi\u00e8ne ou de tra\u00e7abilit\u00e9&nbsp;;<\/span><\/p>\n                    <p><span style=\"color: rgb(70, 114, 129); font-size: 24px; font-family: &quot;Open Sans&quot;; font-weight: 400;\">\u25cf&nbsp;&nbsp;&nbsp;&nbsp;<\/span><span style=\"color: rgb(70, 114, 129); font-size: 20pt; font-family: &quot;Open Sans&quot;;\">Projets innovants int\u00e9grant technologie, durabilit\u00e9 ou solutions locales dans le domaine de l\u2019\u00e9levage ou de la transformation agroalimentaire.<\/span><\/p>\n                    <p>\n                      <br>\n                    <\/p>\n                  <\/div>\n                <\/div>\n              <\/div>\n            <\/div>\n          <\/div>\n        <\/div>\n      <\/div>\n    <\/div>\n  <\/div>\n<\/div>","protected":false},"excerpt":{"rendered":"<p>Peuvent postuler: \u25cf&nbsp;&nbsp;&nbsp;&nbsp;\u00c9leveurs ou coop\u00e9ratives d\u2019\u00e9levage (bovin, avicole, piscicole, etc.) ayant un fort impact local ou r\u00e9gional&nbsp;; \u25cf&nbsp;&nbsp;&nbsp;&nbsp;Entrepreneurs en agro-industrie valorisant les produits agricoles ou animaux (transformation, conditionnement, distribution\u2026)&nbsp;; \u25cf&nbsp;&nbsp;&nbsp;&nbsp;Structures respectant les normes halal et les pratiques \u00e9thiques, en mati\u00e8re de production, d\u2019abattage, d\u2019hygi\u00e8ne ou de tra\u00e7abilit\u00e9&nbsp;; \u25cf&nbsp;&nbsp;&nbsp;&nbsp;Projets innovants int\u00e9grant technologie, durabilit\u00e9 ou solutions locales [&hellip;]<\/p>\n","protected":false},"author":1,"featured_media":0,"parent":0,"menu_order":0,"comment_status":"closed","ping_status":"closed","template":"page-templates\/full-width-page.php","meta":{"_uf_show_specific_survey":0,"_uf_disable_surveys":false,"footnotes":""},"class_list":["post-4941","page","type-page","status-publish","hentry"],"_links":{"self":[{"href":"https:\/\/ivoiremuslimawards.com\/index.php?rest_route=\/wp\/v2\/pages\/4941","targetHints":{"allow":["GET"]}}],"collection":[{"href":"https:\/\/ivoiremuslimawards.com\/index.php?rest_route=\/wp\/v2\/pages"}],"about":[{"href":"https:\/\/ivoiremuslimawards.com\/index.php?rest_route=\/wp\/v2\/types\/page"}],"author":[{"embeddable":true,"href":"https:\/\/ivoiremuslimawards.com\/index.php?rest_route=\/wp\/v2\/users\/1"}],"replies":[{"embeddable":true,"href":"https:\/\/ivoiremuslimawards.com\/index.php?rest_route=%2Fwp%2Fv2%2Fcomments&post=4941"}],"version-history":[{"count":3,"href":"https:\/\/ivoiremuslimawards.com\/index.php?rest_route=\/wp\/v2\/pages\/4941\/revisions"}],"predecessor-version":[{"id":4977,"href":"https:\/\/ivoiremuslimawards.com\/index.php?rest_route=\/wp\/v2\/pages\/4941\/revisions\/4977"}],"wp:attachment":[{"href":"https:\/\/ivoiremuslimawards.com\/index.php?rest_route=%2Fwp%2Fv2%2Fmedia&parent=4941"}],"curies":[{"name":"wp","href":"https:\/\/api.w.org\/{rel}","templated":true}]}}